{"id":360,"date":"2025-10-27T09:36:56","date_gmt":"2025-10-27T09:36:56","guid":{"rendered":"https:\/\/refis.com\/?page_id=360"},"modified":"2025-10-27T10:41:49","modified_gmt":"2025-10-27T10:41:49","slug":"politica-de-cookies","status":"publish","type":"page","link":"https:\/\/refis.com\/es\/politica-de-cookies\/","title":{"rendered":"Pol\u00edtica de cookies"},"content":{"rendered":"\t\t<div data-elementor-type=\"wp-page\" data-elementor-id=\"360\" class=\"elementor elementor-360\" data-elementor-post-type=\"page\">\n\t\t\t\t<div class=\"elementor-element elementor-element-b5b7ffe e-flex e-con-boxed e-con e-parent\" data-id=\"b5b7ffe\" data-element_type=\"container\">\n\t\t\t\t\t<div class=\"e-con-inner\">\n\t\t\t\t<div class=\"elementor-element elementor-element-91b3caa elementor-widget elementor-widget-heading\" data-id=\"91b3caa\" data-element_type=\"widget\" data-widget_type=\"heading.default\">\n\t\t\t\t\t<h2 class=\"elementor-heading-title elementor-size-default\">Pol\u00edtica de cookies<\/h2>\t\t\t\t<\/div>\n\t\t\t\t\t<\/div>\n\t\t\t\t<\/div>\n\t\t<div class=\"elementor-element elementor-element-d889ce4 e-flex e-con-boxed e-con e-parent\" data-id=\"d889ce4\" data-element_type=\"container\">\n\t\t\t\t\t<div class=\"e-con-inner\">\n\t\t\t\t<div class=\"elementor-element elementor-element-60e0afa elementor-widget elementor-widget-text-editor\" data-id=\"60e0afa\" data-element_type=\"widget\" data-widget_type=\"text-editor.default\">\n\t\t\t\t\t\t\t\t\t<h4 data-start=\"194\" data-end=\"220\">Definici\u00f3n de cookies<\/h4><p data-start=\"222\" data-end=\"518\">Las cookies son identificadores que enviamos al disco duro de su ordenador a trav\u00e9s de su navegador web con el fin de que nuestros sistemas puedan reconocer su navegador y ofrecerle ciertos servicios.<br data-start=\"422\" data-end=\"425\" \/>A continuaci\u00f3n, se detallan las cookies utilizadas en <a class=\"decorated-link\" href=\"https:\/\/refis.com\" target=\"_new\" rel=\"noopener\" data-start=\"479\" data-end=\"517\">https:\/\/refis.com<\/a>:<\/p><hr data-start=\"520\" data-end=\"523\" \/><h3 data-start=\"525\" data-end=\"547\">COOKIES UTILIZADAS<\/h3><h4 data-start=\"549\" data-end=\"573\"><strong data-start=\"554\" data-end=\"573\">Cookies propias<\/strong><\/h4><div class=\"_tableContainer_1rjym_1\"><div class=\"group _tableWrapper_1rjym_13 flex w-fit flex-col-reverse\" tabindex=\"-1\"><table class=\"w-fit min-w-(--thread-content-width)\" data-start=\"575\" data-end=\"1196\"><thead data-start=\"575\" data-end=\"684\"><tr data-start=\"575\" data-end=\"684\"><th data-start=\"575\" data-end=\"588\" data-col-size=\"sm\"><strong data-start=\"577\" data-end=\"587\">Cookie<\/strong><\/th><th data-start=\"588\" data-end=\"615\" data-col-size=\"sm\"><strong data-start=\"590\" data-end=\"614\">Informaci\u00f3n recogida<\/strong><\/th><th data-start=\"615\" data-end=\"631\" data-col-size=\"md\"><strong data-start=\"617\" data-end=\"630\">Prop\u00f3sito<\/strong><\/th><th data-start=\"631\" data-end=\"656\" data-col-size=\"sm\"><strong data-start=\"633\" data-end=\"655\">Per\u00edodo de validez<\/strong><\/th><th data-start=\"656\" data-end=\"684\" data-col-size=\"md\"><strong data-start=\"658\" data-end=\"682\">Modo de desactivarla<\/strong><\/th><\/tr><\/thead><tbody data-start=\"800\" data-end=\"1196\"><tr data-start=\"800\" data-end=\"989\"><td data-start=\"800\" data-end=\"820\" data-col-size=\"sm\">Sesi\u00f3n de usuario<\/td><td data-col-size=\"sm\" data-start=\"820\" data-end=\"847\">Si est\u00e1 logueado (s\u00ed\/no)<\/td><td data-col-size=\"md\" data-start=\"847\" data-end=\"908\">Evitar volver a hacer login si antes no ha cerrado sesi\u00f3n.<\/td><td data-col-size=\"sm\" data-start=\"908\" data-end=\"927\">Cookie de sesi\u00f3n<\/td><td data-col-size=\"md\" data-start=\"927\" data-end=\"989\">No se puede, es necesaria para el funcionamiento de la web<\/td><\/tr><tr data-start=\"990\" data-end=\"1196\"><td data-start=\"990\" data-end=\"1017\" data-col-size=\"sm\">Preferencias del usuario<\/td><td data-start=\"1017\" data-end=\"1047\" data-col-size=\"sm\">Informaci\u00f3n binaria (s\u00ed\/no)<\/td><td data-col-size=\"md\" data-start=\"1047\" data-end=\"1126\">Saber si, por ejemplo, el usuario ha aceptado la advertencia de las cookies.<\/td><td data-col-size=\"sm\" data-start=\"1126\" data-end=\"1134\">1 a\u00f1o<\/td><td data-col-size=\"md\" data-start=\"1134\" data-end=\"1196\">No se puede, es necesaria para el funcionamiento de la web<\/td><\/tr><\/tbody><\/table><\/div><\/div><hr data-start=\"1198\" data-end=\"1201\" \/><h4 data-start=\"1203\" data-end=\"1231\"><strong data-start=\"1208\" data-end=\"1231\">Cookies de terceros<\/strong><\/h4><div class=\"_tableContainer_1rjym_1\"><div class=\"group _tableWrapper_1rjym_13 flex w-fit flex-col-reverse\" tabindex=\"-1\"><table class=\"w-fit min-w-(--thread-content-width)\" data-start=\"1233\" data-end=\"1818\"><thead data-start=\"1233\" data-end=\"1342\"><tr data-start=\"1233\" data-end=\"1342\"><th data-start=\"1233\" data-end=\"1246\" data-col-size=\"sm\"><strong data-start=\"1235\" data-end=\"1245\">Cookie<\/strong><\/th><th data-start=\"1246\" data-end=\"1273\" data-col-size=\"md\"><strong data-start=\"1248\" data-end=\"1272\">Informaci\u00f3n recogida<\/strong><\/th><th data-start=\"1273\" data-end=\"1289\" data-col-size=\"md\"><strong data-start=\"1275\" data-end=\"1288\">Prop\u00f3sito<\/strong><\/th><th data-start=\"1289\" data-end=\"1314\" data-col-size=\"sm\"><strong data-start=\"1291\" data-end=\"1313\">Per\u00edodo de validez<\/strong><\/th><th data-start=\"1314\" data-end=\"1342\" data-col-size=\"md\"><strong data-start=\"1316\" data-end=\"1340\">Modo de desactivarla<\/strong><\/th><\/tr><\/thead><tbody data-start=\"1458\" data-end=\"1818\"><tr data-start=\"1458\" data-end=\"1818\"><td data-start=\"1458\" data-end=\"1477\" data-col-size=\"sm\">Google Analytics<\/td><td data-col-size=\"md\" data-start=\"1477\" data-end=\"1575\">Informaci\u00f3n anal\u00edtica de la visita, tiempo, secciones visitadas, clics y sitios de procedencia.<\/td><td data-col-size=\"md\" data-start=\"1575\" data-end=\"1672\">Realizar un an\u00e1lisis del comportamiento del usuario en la web y as\u00ed poder mejorar el servicio.<\/td><td data-col-size=\"sm\" data-start=\"1672\" data-end=\"1706\">Cookies de sesi\u00f3n o 2 a\u00f1os m\u00e1x.<\/td><td data-col-size=\"md\" data-start=\"1706\" data-end=\"1818\">Instalando: <a class=\"decorated-link\" href=\"https:\/\/tools.google.com\/dlpage\/gaoptout?hl=es\" target=\"_new\" rel=\"noopener\" data-start=\"1720\" data-end=\"1816\">https:\/\/tools.google.com\/dlpage\/gaoptout?hl=es<\/a><\/td><\/tr><\/tbody><\/table><\/div><\/div><hr data-start=\"1820\" data-end=\"1823\" \/><h3 data-start=\"1825\" data-end=\"1889\">C\u00f3mo deshabilitar las Cookies en los principales navegadores<\/h3><p data-start=\"1891\" data-end=\"2017\">Normalmente es posible dejar de aceptar las cookies del navegador o dejar de aceptar las cookies de un servicio en particular.<\/p><p data-start=\"2019\" data-end=\"2271\">Todos los navegadores modernos permiten cambiar la configuraci\u00f3n de cookies. Estos ajustes normalmente se encuentran en las \u201copciones\u201d o \u201cpreferencias\u201d del men\u00fa de su navegador. Asimismo, puede configurar su navegador o su gestor de correo electr\u00f3nico.<\/p><p data-start=\"2273\" data-end=\"2474\">A continuaci\u00f3n, se ofrece orientaci\u00f3n al usuario sobre los pasos para acceder al men\u00fa de configuraci\u00f3n de las cookies y, en su caso, de la navegaci\u00f3n privada en cada uno de los navegadores principales:<\/p><ul data-start=\"2476\" data-end=\"3102\"><li data-start=\"2476\" data-end=\"2644\"><p data-start=\"2478\" data-end=\"2644\"><strong data-start=\"2478\" data-end=\"2500\">Internet Explorer:<\/strong> Herramientas \u2192 Opciones de Internet \u2192 Privacidad \u2192 Configuraci\u00f3n.<br data-start=\"2566\" data-end=\"2569\" \/>M\u00e1s informaci\u00f3n en el soporte de Microsoft o en la Ayuda del navegador.<\/p><\/li><li data-start=\"2645\" data-end=\"2815\"><p data-start=\"2647\" data-end=\"2815\"><strong data-start=\"2647\" data-end=\"2659\">Firefox:<\/strong> Herramientas \u2192 Opciones \u2192 Privacidad \u2192 Historial \u2192 Configuraci\u00f3n personalizada.<br data-start=\"2739\" data-end=\"2742\" \/>M\u00e1s informaci\u00f3n en el soporte de Mozilla o en la Ayuda del navegador.<\/p><\/li><li data-start=\"2816\" data-end=\"2990\"><p data-start=\"2818\" data-end=\"2990\"><strong data-start=\"2818\" data-end=\"2829\">Chrome:<\/strong> Configuraci\u00f3n \u2192 Mostrar opciones avanzadas \u2192 Privacidad \u2192 Configuraci\u00f3n de contenido.<br data-start=\"2915\" data-end=\"2918\" \/>M\u00e1s informaci\u00f3n en el soporte de Google o en la Ayuda del navegador.<\/p><\/li><li data-start=\"2991\" data-end=\"3102\"><p data-start=\"2993\" data-end=\"3102\"><strong data-start=\"2993\" data-end=\"3004\">Safari:<\/strong> Preferencias \u2192 Seguridad.<br data-start=\"3030\" data-end=\"3033\" \/>M\u00e1s informaci\u00f3n en el soporte de Apple o en la Ayuda del navegador.<\/p><\/li><\/ul><hr data-start=\"3104\" data-end=\"3107\" \/><h3 data-start=\"3109\" data-end=\"3156\">\u00bfQu\u00e9 ocurre si se deshabilitan las Cookies?<\/h3><p data-start=\"3158\" data-end=\"3243\">Algunas funcionalidades de los servicios quedar\u00e1n deshabilitadas, como por ejemplo:<\/p><ul data-start=\"3244\" data-end=\"3368\"><li data-start=\"3244\" data-end=\"3272\"><p data-start=\"3246\" data-end=\"3272\">Permanecer identificado.<\/p><\/li><li data-start=\"3273\" data-end=\"3327\"><p data-start=\"3275\" data-end=\"3327\">Mantener los art\u00edculos en el carrito de la compra.<\/p><\/li><li data-start=\"3328\" data-end=\"3368\"><p data-start=\"3330\" data-end=\"3368\">Guardar preferencias personalizadas.<\/p><\/li><\/ul>\t\t\t\t\t\t\t\t<\/div>\n\t\t\t\t\t<\/div>\n\t\t\t\t<\/div>\n\t\t\t\t<\/div>\n\t\t","protected":false},"excerpt":{"rendered":"<p>Pol\u00edtica de cookies Definici\u00f3n de cookies Las cookies son identificadores que enviamos al disco duro de su ordenador a trav\u00e9s de su navegador web con el fin de que nuestros sistemas puedan reconocer su navegador y ofrecerle ciertos servicios.A continuaci\u00f3n, se detallan las cookies utilizadas en https:\/\/refis.com: COOKIES UTILIZADAS Cookies propias Cookie Informaci\u00f3n recogida Prop\u00f3sito [&hellip;]<\/p>\n","protected":false},"author":1,"featured_media":0,"parent":0,"menu_order":0,"comment_status":"closed","ping_status":"closed","template":"","meta":{"footnotes":""},"class_list":["post-360","page","type-page","status-publish","hentry"],"yoast_head":"<!-- This site is optimized with the Yoast SEO plugin v26.5 - https:\/\/yoast.com\/wordpress\/plugins\/seo\/ -->\n<title>Pol\u00edtica de cookies - REFIS Internacional<\/title>\n<meta name=\"robots\" content=\"index, follow, max-snippet:-1, max-image-preview:large, max-video-preview:-1\" \/>\n<link rel=\"canonical\" href=\"https:\/\/refis.com\/es\/politica-de-cookies\/\" \/>\n<meta property=\"og:locale\" content=\"es_ES\" \/>\n<meta property=\"og:type\" content=\"article\" \/>\n<meta property=\"og:title\" content=\"Pol\u00edtica de cookies - REFIS Internacional\" \/>\n<meta property=\"og:description\" content=\"Pol\u00edtica de cookies Definici\u00f3n de cookies Las cookies son identificadores que enviamos al disco duro de su ordenador a trav\u00e9s de su navegador web con el fin de que nuestros sistemas puedan reconocer su navegador y ofrecerle ciertos servicios.A continuaci\u00f3n, se detallan las cookies utilizadas en https:\/\/refis.com: COOKIES UTILIZADAS Cookies propias Cookie Informaci\u00f3n recogida Prop\u00f3sito [&hellip;]\" \/>\n<meta property=\"og:url\" content=\"https:\/\/refis.com\/es\/politica-de-cookies\/\" \/>\n<meta property=\"og:site_name\" content=\"REFIS Internacional\" \/>\n<meta property=\"article:modified_time\" content=\"2025-10-27T10:41:49+00:00\" \/>\n<meta name=\"twitter:card\" content=\"summary_large_image\" \/>\n<meta name=\"twitter:label1\" content=\"Tiempo de lectura\" \/>\n\t<meta name=\"twitter:data1\" content=\"2 minutos\" \/>\n<script type=\"application\/ld+json\" class=\"yoast-schema-graph\">{\"@context\":\"https:\/\/schema.org\",\"@graph\":[{\"@type\":\"WebPage\",\"@id\":\"https:\/\/refis.com\/es\/politica-de-cookies\/\",\"url\":\"https:\/\/refis.com\/es\/politica-de-cookies\/\",\"name\":\"Pol\u00edtica de cookies - REFIS Internacional\",\"isPartOf\":{\"@id\":\"https:\/\/refis.com\/es\/#website\"},\"datePublished\":\"2025-10-27T09:36:56+00:00\",\"dateModified\":\"2025-10-27T10:41:49+00:00\",\"breadcrumb\":{\"@id\":\"https:\/\/refis.com\/es\/politica-de-cookies\/#breadcrumb\"},\"inLanguage\":\"es\",\"potentialAction\":[{\"@type\":\"ReadAction\",\"target\":[\"https:\/\/refis.com\/es\/politica-de-cookies\/\"]}]},{\"@type\":\"BreadcrumbList\",\"@id\":\"https:\/\/refis.com\/es\/politica-de-cookies\/#breadcrumb\",\"itemListElement\":[{\"@type\":\"ListItem\",\"position\":1,\"name\":\"Portada\",\"item\":\"https:\/\/refis.com\/es\/\"},{\"@type\":\"ListItem\",\"position\":2,\"name\":\"Pol\u00edtica de cookies\"}]},{\"@type\":\"WebSite\",\"@id\":\"https:\/\/refis.com\/es\/#website\",\"url\":\"https:\/\/refis.com\/es\/\",\"name\":\"REFIS Internacional\",\"description\":\"Despacho especializado en asesor\u00eda fiscal, legal y de consultor\u00eda, dedicado a ofrecer soluciones integrales a particulares y empresas para optimizar su gesti\u00f3n, garantizar el cumplimiento normativo y apoyar en la toma de decisiones estrat\u00e9gicas.\",\"publisher\":{\"@id\":\"https:\/\/refis.com\/es\/#organization\"},\"potentialAction\":[{\"@type\":\"SearchAction\",\"target\":{\"@type\":\"EntryPoint\",\"urlTemplate\":\"https:\/\/refis.com\/es\/?s={search_term_string}\"},\"query-input\":{\"@type\":\"PropertyValueSpecification\",\"valueRequired\":true,\"valueName\":\"search_term_string\"}}],\"inLanguage\":\"es\"},{\"@type\":\"Organization\",\"@id\":\"https:\/\/refis.com\/es\/#organization\",\"name\":\"REFIS Internacional\",\"url\":\"https:\/\/refis.com\/es\/\",\"logo\":{\"@type\":\"ImageObject\",\"inLanguage\":\"es\",\"@id\":\"https:\/\/refis.com\/es\/#\/schema\/logo\/image\/\",\"url\":\"https:\/\/refis.com\/wp-content\/uploads\/2025\/09\/Diseno-sin-titulo-25.png\",\"contentUrl\":\"https:\/\/refis.com\/wp-content\/uploads\/2025\/09\/Diseno-sin-titulo-25.png\",\"width\":500,\"height\":500,\"caption\":\"REFIS Internacional\"},\"image\":{\"@id\":\"https:\/\/refis.com\/es\/#\/schema\/logo\/image\/\"}}]}<\/script>\n<!-- \/ Yoast SEO plugin. -->","yoast_head_json":{"title":"Pol\u00edtica de cookies - REFIS Internacional","robots":{"index":"index","follow":"follow","max-snippet":"max-snippet:-1","max-image-preview":"max-image-preview:large","max-video-preview":"max-video-preview:-1"},"canonical":"https:\/\/refis.com\/es\/politica-de-cookies\/","og_locale":"es_ES","og_type":"article","og_title":"Pol\u00edtica de cookies - REFIS Internacional","og_description":"Pol\u00edtica de cookies Definici\u00f3n de cookies Las cookies son identificadores que enviamos al disco duro de su ordenador a trav\u00e9s de su navegador web con el fin de que nuestros sistemas puedan reconocer su navegador y ofrecerle ciertos servicios.A continuaci\u00f3n, se detallan las cookies utilizadas en https:\/\/refis.com: COOKIES UTILIZADAS Cookies propias Cookie Informaci\u00f3n recogida Prop\u00f3sito [&hellip;]","og_url":"https:\/\/refis.com\/es\/politica-de-cookies\/","og_site_name":"REFIS Internacional","article_modified_time":"2025-10-27T10:41:49+00:00","twitter_card":"summary_large_image","twitter_misc":{"Tiempo de lectura":"2 minutos"},"schema":{"@context":"https:\/\/schema.org","@graph":[{"@type":"WebPage","@id":"https:\/\/refis.com\/es\/politica-de-cookies\/","url":"https:\/\/refis.com\/es\/politica-de-cookies\/","name":"Pol\u00edtica de cookies - REFIS Internacional","isPartOf":{"@id":"https:\/\/refis.com\/es\/#website"},"datePublished":"2025-10-27T09:36:56+00:00","dateModified":"2025-10-27T10:41:49+00:00","breadcrumb":{"@id":"https:\/\/refis.com\/es\/politica-de-cookies\/#breadcrumb"},"inLanguage":"es","potentialAction":[{"@type":"ReadAction","target":["https:\/\/refis.com\/es\/politica-de-cookies\/"]}]},{"@type":"BreadcrumbList","@id":"https:\/\/refis.com\/es\/politica-de-cookies\/#breadcrumb","itemListElement":[{"@type":"ListItem","position":1,"name":"Portada","item":"https:\/\/refis.com\/es\/"},{"@type":"ListItem","position":2,"name":"Pol\u00edtica de cookies"}]},{"@type":"WebSite","@id":"https:\/\/refis.com\/es\/#website","url":"https:\/\/refis.com\/es\/","name":"REFIS Internacional","description":"Despacho especializado en asesor\u00eda fiscal, legal y de consultor\u00eda, dedicado a ofrecer soluciones integrales a particulares y empresas para optimizar su gesti\u00f3n, garantizar el cumplimiento normativo y apoyar en la toma de decisiones estrat\u00e9gicas.","publisher":{"@id":"https:\/\/refis.com\/es\/#organization"},"potentialAction":[{"@type":"SearchAction","target":{"@type":"EntryPoint","urlTemplate":"https:\/\/refis.com\/es\/?s={search_term_string}"},"query-input":{"@type":"PropertyValueSpecification","valueRequired":true,"valueName":"search_term_string"}}],"inLanguage":"es"},{"@type":"Organization","@id":"https:\/\/refis.com\/es\/#organization","name":"REFIS Internacional","url":"https:\/\/refis.com\/es\/","logo":{"@type":"ImageObject","inLanguage":"es","@id":"https:\/\/refis.com\/es\/#\/schema\/logo\/image\/","url":"https:\/\/refis.com\/wp-content\/uploads\/2025\/09\/Diseno-sin-titulo-25.png","contentUrl":"https:\/\/refis.com\/wp-content\/uploads\/2025\/09\/Diseno-sin-titulo-25.png","width":500,"height":500,"caption":"REFIS Internacional"},"image":{"@id":"https:\/\/refis.com\/es\/#\/schema\/logo\/image\/"}}]}},"_links":{"self":[{"href":"https:\/\/refis.com\/es\/wp-json\/wp\/v2\/pages\/360","targetHints":{"allow":["GET"]}}],"collection":[{"href":"https:\/\/refis.com\/es\/wp-json\/wp\/v2\/pages"}],"about":[{"href":"https:\/\/refis.com\/es\/wp-json\/wp\/v2\/types\/page"}],"author":[{"embeddable":true,"href":"https:\/\/refis.com\/es\/wp-json\/wp\/v2\/users\/1"}],"replies":[{"embeddable":true,"href":"https:\/\/refis.com\/es\/wp-json\/wp\/v2\/comments?post=360"}],"version-history":[{"count":4,"href":"https:\/\/refis.com\/es\/wp-json\/wp\/v2\/pages\/360\/revisions"}],"predecessor-version":[{"id":386,"href":"https:\/\/refis.com\/es\/wp-json\/wp\/v2\/pages\/360\/revisions\/386"}],"wp:attachment":[{"href":"https:\/\/refis.com\/es\/wp-json\/wp\/v2\/media?parent=360"}],"curies":[{"name":"wp","href":"https:\/\/api.w.org\/{rel}","templated":true}]}}